{"id":7886,"date":"2024-07-08T17:19:21","date_gmt":"2024-07-08T15:19:21","guid":{"rendered":"https:\/\/faber-etec.de\/?page_id=7886"},"modified":"2026-03-18T14:00:30","modified_gmt":"2026-03-18T13:00:30","slug":"unsere-referenzen","status":"publish","type":"page","link":"https:\/\/faber-energy-group.de\/en\/unsere-referenzen\/","title":{"rendered":"References, news and projects"},"content":{"rendered":"<div data-elementor-type=\"wp-page\" data-elementor-id=\"7886\" class=\"elementor elementor-7886\" data-elementor-post-type=\"page\">\n\t\t\t\t<div class=\"elementor-element elementor-element-3246e00 e-flex e-con-boxed e-con e-parent\" data-id=\"3246e00\" data-element_type=\"container\" data-e-type=\"container\" data-settings=\"{&quot;background_background&quot;:&quot;video&quot;,&quot;background_video_link&quot;:&quot;https:\\\/\\\/faber-energy-group.de\\\/wp-content\\\/uploads\\\/sites\\\/3\\\/2024\\\/08\\\/Solarstation-Trafo-BG.mp4&quot;}\">\n\t\t\t\t\t<div class=\"e-con-inner\">\n\t\t<div class=\"elementor-background-video-container elementor-hidden-mobile\">\n\t\t\t\t\t\t\t<video class=\"elementor-background-video-hosted\" role=\"presentation\" autoplay muted playsinline loop><\/video>\n\t\t\t\t\t<\/div><div class=\"elementor-element elementor-element-a5806a4 e-flex e-con-boxed e-con e-child\" data-id=\"a5806a4\" data-element_type=\"container\" data-e-type=\"container\">\n\t\t\t\t\t<div class=\"e-con-inner\">\n\t\t\t\t<div class=\"elementor-element elementor-element-23ff096 elementor-widget elementor-widget-heading\" data-id=\"23ff096\" data-element_type=\"widget\" data-e-type=\"widget\" data-widget_type=\"heading.default\">\n\t\t\t\t\t<h1 class=\"elementor-heading-title elementor-size-default\">References, news and projects<\/h1>\t\t\t\t<\/div>\n\t\t\t\t<div class=\"elementor-element elementor-element-2ce69d5 elementor-widget elementor-widget-heading\" data-id=\"2ce69d5\" data-element_type=\"widget\" data-e-type=\"widget\" data-widget_type=\"heading.default\">\n\t\t\t\t\t<span class=\"elementor-heading-title elementor-size-default\">Energy infrastructure in practice: Pioneering solutions for solar parks, industry &amp; grids.<\/span>\t\t\t\t<\/div>\n\t\t\t\t\t<\/div>\n\t\t\t\t<\/div>\n\t\t\t\t\t<\/div>\n\t\t\t\t<\/div>\n\t\t<div class=\"elementor-element elementor-element-d3d0b80 e-flex e-con-boxed e-con e-parent\" data-id=\"d3d0b80\" data-element_type=\"container\" data-e-type=\"container\" data-settings=\"{&quot;background_background&quot;:&quot;classic&quot;}\">\n\t\t\t\t\t<div class=\"e-con-inner\">\n\t\t<div class=\"elementor-element elementor-element-e21e8c1 e-con-full e-flex e-con e-child\" data-id=\"e21e8c1\" data-element_type=\"container\" data-e-type=\"container\">\n\t\t\t\t<div class=\"elementor-element elementor-element-846bff1 elementor-nav-menu__align-center elementor-widget__width-auto elementor-nav-menu--dropdown-none elementor-widget-tablet_extra__width-initial elementor-widget-tablet__width-auto elementor-widget elementor-widget-nav-menu\" data-id=\"846bff1\" data-element_type=\"widget\" data-e-type=\"widget\" data-settings=\"{&quot;layout&quot;:&quot;horizontal&quot;,&quot;submenu_icon&quot;:{&quot;value&quot;:&quot;&lt;i class=\\&quot;fas fa-caret-down\\&quot; aria-hidden=\\&quot;true\\&quot;&gt;&lt;\\\/i&gt;&quot;,&quot;library&quot;:&quot;fa-solid&quot;}}\" data-widget_type=\"nav-menu.default\">\n\t\t\t\t\t\t\t\t<nav aria-label=\"Menu\" class=\"elementor-nav-menu--main elementor-nav-menu__container elementor-nav-menu--layout-horizontal e--pointer-underline e--animation-fade\">\n\t\t\t\t<ul id=\"menu-1-846bff1\" class=\"elementor-nav-menu\"><li class=\"menu-item menu-item-type-post_type menu-item-object-page menu-item-7928\"><a  href=\"https:\/\/faber-energy-group.de\/en\/unsere-referenzen\/\" title=\"Our references - All\" class=\"elementor-item\">All<\/a><\/li>\n<li class=\"menu-item menu-item-type-taxonomy menu-item-object-category menu-item-7908\"><a  href=\"https:\/\/faber-energy-group.de\/en\/projekte-referenzen\/\" title=\"Projects References - Projects\" class=\"elementor-item\">Projects<\/a><\/li>\n<li class=\"menu-item menu-item-type-taxonomy menu-item-object-category menu-item-7903\"><a  href=\"https:\/\/faber-energy-group.de\/en\/news\/\" title=\"News - News\" class=\"elementor-item\">News<\/a><\/li>\n<li class=\"menu-item menu-item-type-taxonomy menu-item-object-category menu-item-7907\"><a  href=\"https:\/\/faber-energy-group.de\/en\/innovation-technik\/\" title=\"Innovation Technology - Innovation &amp; Technology\" class=\"elementor-item\">Innovation &amp; Technology<\/a><\/li>\n<li class=\"menu-item menu-item-type-taxonomy menu-item-object-category menu-item-7983\"><a  href=\"https:\/\/faber-energy-group.de\/en\/events\/\" title=\"Events - Events &amp; Fairs\" class=\"elementor-item\">Events &amp; Fairs<\/a><\/li>\n<\/ul>\t\t\t<\/nav>\n\t\t\t\t\t\t<nav class=\"elementor-nav-menu--dropdown elementor-nav-menu__container\" aria-hidden=\"true\">\n\t\t\t\t<ul id=\"menu-2-846bff1\" class=\"elementor-nav-menu\"><li class=\"menu-item menu-item-type-post_type menu-item-object-page menu-item-7928\"><a  href=\"https:\/\/faber-energy-group.de\/en\/unsere-referenzen\/\" title=\"Our references - All\" class=\"elementor-item\" tabindex=\"-1\">All<\/a><\/li>\n<li class=\"menu-item menu-item-type-taxonomy menu-item-object-category menu-item-7908\"><a  href=\"https:\/\/faber-energy-group.de\/en\/projekte-referenzen\/\" title=\"Projects References - Projects\" class=\"elementor-item\" tabindex=\"-1\">Projects<\/a><\/li>\n<li class=\"menu-item menu-item-type-taxonomy menu-item-object-category menu-item-7903\"><a  href=\"https:\/\/faber-energy-group.de\/en\/news\/\" title=\"News - News\" class=\"elementor-item\" tabindex=\"-1\">News<\/a><\/li>\n<li class=\"menu-item menu-item-type-taxonomy menu-item-object-category menu-item-7907\"><a  href=\"https:\/\/faber-energy-group.de\/en\/innovation-technik\/\" title=\"Innovation Technology - Innovation &amp; Technology\" class=\"elementor-item\" tabindex=\"-1\">Innovation &amp; Technology<\/a><\/li>\n<li class=\"menu-item menu-item-type-taxonomy menu-item-object-category menu-item-7983\"><a  href=\"https:\/\/faber-energy-group.de\/en\/events\/\" title=\"Events - Events &amp; Fairs\" class=\"elementor-item\" tabindex=\"-1\">Events &amp; Fairs<\/a><\/li>\n<\/ul>\t\t\t<\/nav>\n\t\t\t\t\t\t<\/div>\n\t\t\t\t<div class=\"elementor-element elementor-element-f44f1f2 elementor-widget-tablet_extra__width-initial elementor-widget-tablet__width-auto elementor-search-form--skin-classic elementor-search-form--button-type-icon elementor-search-form--icon-search elementor-widget elementor-widget-search-form\" data-id=\"f44f1f2\" data-element_type=\"widget\" data-e-type=\"widget\" data-settings=\"{&quot;skin&quot;:&quot;classic&quot;}\" data-widget_type=\"search-form.default\">\n\t\t\t\t\t\t\t<search role=\"search\">\n\t\t\t<form class=\"elementor-search-form\" action=\"https:\/\/faber-energy-group.de\/en\/\" method=\"get\" data-trp-original-action=\"https:\/\/faber-energy-group.de\/en\">\n\t\t\t\t\t\t\t\t\t\t\t\t<div class=\"elementor-search-form__container\">\n\t\t\t\t\t<label class=\"elementor-screen-only\" for=\"elementor-search-form-f44f1f2\">Search<\/label>\n\n\t\t\t\t\t\n\t\t\t\t\t<input id=\"elementor-search-form-f44f1f2\" placeholder=\"Search\" class=\"elementor-search-form__input\" type=\"search\" name=\"s\" value=\"\">\n\t\t\t\t\t\n\t\t\t\t\t\t\t\t\t\t\t<button class=\"elementor-search-form__submit\" type=\"submit\" aria-label=\"Search\">\n\t\t\t\t\t\t\t\t\t\t\t\t\t\t\t<i aria-hidden=\"true\" class=\"fas fa-search\"><\/i>\t\t\t\t\t\t\t\t\t\t\t\t\t<\/button>\n\t\t\t\t\t\n\t\t\t\t\t\t\t\t\t<\/div>\n\t\t\t<input type=\"hidden\" name=\"trp-form-language\" value=\"en\"\/><\/form>\n\t\t<\/search>\n\t\t\t\t\t\t<\/div>\n\t\t\t\t<\/div>\n\t\t<div class=\"elementor-element elementor-element-3af9d09 e-con-full e-flex e-con e-child\" data-id=\"3af9d09\" data-element_type=\"container\" data-e-type=\"container\">\n\t\t\t\t<div class=\"elementor-element elementor-element-b0e23ef elementor-grid-2 elementor-grid-tablet-2 elementor-grid-mobile-1 elementor-posts--thumbnail-top elementor-widget elementor-widget-posts\" data-id=\"b0e23ef\" data-element_type=\"widget\" data-e-type=\"widget\" data-settings=\"{&quot;classic_columns&quot;:&quot;2&quot;,&quot;classic_row_gap&quot;:{&quot;unit&quot;:&quot;px&quot;,&quot;size&quot;:30,&quot;sizes&quot;:[]},&quot;classic_columns_tablet&quot;:&quot;2&quot;,&quot;classic_columns_mobile&quot;:&quot;1&quot;,&quot;classic_row_gap_laptop&quot;:{&quot;unit&quot;:&quot;px&quot;,&quot;size&quot;:&quot;&quot;,&quot;sizes&quot;:[]},&quot;classic_row_gap_tablet_extra&quot;:{&quot;unit&quot;:&quot;px&quot;,&quot;size&quot;:&quot;&quot;,&quot;sizes&quot;:[]},&quot;classic_row_gap_tablet&quot;:{&quot;unit&quot;:&quot;px&quot;,&quot;size&quot;:&quot;&quot;,&quot;sizes&quot;:[]},&quot;classic_row_gap_mobile&quot;:{&quot;unit&quot;:&quot;px&quot;,&quot;size&quot;:&quot;&quot;,&quot;sizes&quot;:[]}}\" data-widget_type=\"posts.classic\">\n\t\t\t\t<div class=\"elementor-widget-container\">\n\t\t\t\t\t\t\t<div class=\"elementor-posts-container elementor-posts elementor-posts--skin-classic elementor-grid\" role=\"list\">\n\t\t\t\t<article class=\"elementor-post elementor-grid-item post-23454 post type-post status-publish format-standard has-post-thumbnail hentry category-news\" role=\"listitem\">\n\t\t\t\t<a class=\"elementor-post__thumbnail__link\"  href=\"https:\/\/faber-energy-group.de\/en\/news\/faber-e-tec-trafostationen\/\" title=\"Faber E Tec transformer stations\" tabindex=\"-1\" target=\"&quot;_blank&quot;\">\n\t\t\t<div class=\"elementor-post__thumbnail\"><img fetchpriority=\"high\" decoding=\"async\" width=\"768\" height=\"528\" src=\"https:\/\/faber-energy-group.de\/wp-content\/uploads\/sites\/4\/2026\/03\/Trafostation-fuer-Schnellladestation-Netzanbindung-fuer-E-Mobilitaet-Ladesaeulen-Ladeinfrastruktur-Faber-E-Tec-768x528.avif\" class=\"attachment-medium_large size-medium_large wp-image-23033\" alt=\"Production and expansion of a compact transformer station for medium-voltage technology at Faber E-Tec&#039;s B\u00fcnde plant.\" title=\"Faber E-Tec: Market leader for compact transformer stations &amp; medium voltage\" srcset=\"https:\/\/faber-energy-group.de\/wp-content\/uploads\/sites\/4\/2026\/03\/Trafostation-fuer-Schnellladestation-Netzanbindung-fuer-E-Mobilitaet-Ladesaeulen-Ladeinfrastruktur-Faber-E-Tec-768x528.avif 768w, https:\/\/faber-energy-group.de\/wp-content\/uploads\/sites\/4\/2026\/03\/Trafostation-fuer-Schnellladestation-Netzanbindung-fuer-E-Mobilitaet-Ladesaeulen-Ladeinfrastruktur-Faber-E-Tec-300x206.avif 300w, https:\/\/faber-energy-group.de\/wp-content\/uploads\/sites\/4\/2026\/03\/Trafostation-fuer-Schnellladestation-Netzanbindung-fuer-E-Mobilitaet-Ladesaeulen-Ladeinfrastruktur-Faber-E-Tec-18x12.avif 18w, https:\/\/faber-energy-group.de\/wp-content\/uploads\/sites\/4\/2026\/03\/Trafostation-fuer-Schnellladestation-Netzanbindung-fuer-E-Mobilitaet-Ladesaeulen-Ladeinfrastruktur-Faber-E-Tec.avif 1000w\" sizes=\"(max-width: 768px) 100vw, 768px\" \/><\/div>\n\t\t<\/a>\n\t\t\t\t<div class=\"elementor-post__text\">\n\t\t\t\t<span class=\"elementor-post__title\">\n\t\t\t<a  href=\"https:\/\/faber-energy-group.de\/en\/news\/faber-e-tec-trafostationen\/\" title=\"Faber E Tec transformer stations - Faber E-Tec: The heart of the energy infrastructure - compact transformer stations from B\u00fcnde\" target=\"&quot;_blank&quot;\">\n\t\t\t\tFaber E-Tec: The heart of the energy infrastructure - compact transformer stations from B\u00fcnde\t\t\t<\/a>\n\t\t<\/span>\n\t\t\t\t<div class=\"elementor-post__excerpt\">\n\t\t\t<p>As a competence centre of the Faber Energy Group, Faber E-Tec GmbH in B\u00fcnde manufactures robust compact transformer stations and medium-voltage technology as the essential backbone of a modern energy supply system,\t\t<\/div>\n\t\t\t\t<\/div>\n\t\t\t\t<\/article>\n\t\t\t\t<article class=\"elementor-post elementor-grid-item post-23448 post type-post status-publish format-standard has-post-thumbnail hentry category-news\" role=\"listitem\">\n\t\t\t\t<a class=\"elementor-post__thumbnail__link\"  href=\"https:\/\/faber-energy-group.de\/en\/news\/faber-solartechnik-solarparks\/\" title=\"Faber Solar Technology Solar parks\" tabindex=\"-1\" target=\"&quot;_blank&quot;\">\n\t\t\t<div class=\"elementor-post__thumbnail\"><img decoding=\"async\" width=\"768\" height=\"512\" src=\"https:\/\/faber-energy-group.de\/wp-content\/uploads\/sites\/4\/2026\/03\/Faber-Solartechnik-PV-Photovoltaik-Solarpark-Hintergrund-Solarfeld-768x512.avif\" class=\"attachment-medium_large size-medium_large wp-image-23056\" alt=\"Aerial view of a solar park planned by Faber Solartechnik focussing on efficient photovoltaic project planning.\" title=\"Faber Solartechnik: Experts for photovoltaic project planning &amp; solar parks\" srcset=\"https:\/\/faber-energy-group.de\/wp-content\/uploads\/sites\/4\/2026\/03\/Faber-Solartechnik-PV-Photovoltaik-Solarpark-Hintergrund-Solarfeld-768x512.avif 768w, https:\/\/faber-energy-group.de\/wp-content\/uploads\/sites\/4\/2026\/03\/Faber-Solartechnik-PV-Photovoltaik-Solarpark-Hintergrund-Solarfeld-300x200.avif 300w, https:\/\/faber-energy-group.de\/wp-content\/uploads\/sites\/4\/2026\/03\/Faber-Solartechnik-PV-Photovoltaik-Solarpark-Hintergrund-Solarfeld-1024x683.avif 1024w, https:\/\/faber-energy-group.de\/wp-content\/uploads\/sites\/4\/2026\/03\/Faber-Solartechnik-PV-Photovoltaik-Solarpark-Hintergrund-Solarfeld-1536x1024.avif 1536w, https:\/\/faber-energy-group.de\/wp-content\/uploads\/sites\/4\/2026\/03\/Faber-Solartechnik-PV-Photovoltaik-Solarpark-Hintergrund-Solarfeld-2048x1365.avif 2048w, https:\/\/faber-energy-group.de\/wp-content\/uploads\/sites\/4\/2026\/03\/Faber-Solartechnik-PV-Photovoltaik-Solarpark-Hintergrund-Solarfeld-18x12.avif 18w\" sizes=\"(max-width: 768px) 100vw, 768px\" \/><\/div>\n\t\t<\/a>\n\t\t\t\t<div class=\"elementor-post__text\">\n\t\t\t\t<span class=\"elementor-post__title\">\n\t\t\t<a  href=\"https:\/\/faber-energy-group.de\/en\/news\/faber-solartechnik-solarparks\/\" title=\"Faber Solartechnik Solar parks - Photovoltaic project planning at the highest level: The vision of Faber Solartechnik\" target=\"&quot;_blank&quot;\">\n\t\t\t\tPhotovoltaic project planning at the highest level: Faber Solartechnik's vision\t\t\t<\/a>\n\t\t<\/span>\n\t\t\t\t<div class=\"elementor-post__excerpt\">\n\t\t\t<p>Find out how Faber Solartechnik plans and realises large-scale photovoltaic parks. From project development to the turnkey PV system.<\/p>\t\t<\/div>\n\t\t\t\t<\/div>\n\t\t\t\t<\/article>\n\t\t\t\t<article class=\"elementor-post elementor-grid-item post-23441 post type-post status-publish format-standard has-post-thumbnail hentry category-news\" role=\"listitem\">\n\t\t\t\t<a class=\"elementor-post__thumbnail__link\"  href=\"https:\/\/faber-energy-group.de\/en\/news\/faber-energy-trading-energiehandel\/\" title=\"Faber Energy Trading Energy trading\" tabindex=\"-1\" target=\"&quot;_blank&quot;\">\n\t\t\t<div class=\"elementor-post__thumbnail\"><img decoding=\"async\" width=\"768\" height=\"384\" src=\"https:\/\/faber-energy-group.de\/wp-content\/uploads\/sites\/4\/2026\/03\/Strom-Handel-768x384.avif\" class=\"attachment-medium_large size-medium_large wp-image-23032\" alt=\"The Faber Energy Trading team during the algorithmic analysis of market data for system optimisation.\" title=\"Faber Energy Trading: Intelligent energy trading &amp; system optimisation\" srcset=\"https:\/\/faber-energy-group.de\/wp-content\/uploads\/sites\/4\/2026\/03\/Strom-Handel-768x384.avif 768w, https:\/\/faber-energy-group.de\/wp-content\/uploads\/sites\/4\/2026\/03\/Strom-Handel-300x150.avif 300w, https:\/\/faber-energy-group.de\/wp-content\/uploads\/sites\/4\/2026\/03\/Strom-Handel-1024x512.avif 1024w, https:\/\/faber-energy-group.de\/wp-content\/uploads\/sites\/4\/2026\/03\/Strom-Handel-1536x768.avif 1536w, https:\/\/faber-energy-group.de\/wp-content\/uploads\/sites\/4\/2026\/03\/Strom-Handel-2048x1024.avif 2048w, https:\/\/faber-energy-group.de\/wp-content\/uploads\/sites\/4\/2026\/03\/Strom-Handel-18x9.avif 18w\" sizes=\"(max-width: 768px) 100vw, 768px\" \/><\/div>\n\t\t<\/a>\n\t\t\t\t<div class=\"elementor-post__text\">\n\t\t\t\t<span class=\"elementor-post__title\">\n\t\t\t<a  href=\"https:\/\/faber-energy-group.de\/en\/news\/faber-energy-trading-energiehandel\/\" title=\"Faber Energy Trading Energiehandel - The evolution of the Faber Energy Group: Curtain up for Faber Energy Trading\" target=\"&quot;_blank&quot;\">\n\t\t\t\tThe evolution of the Faber Energy Group: Curtain up for Faber Energy Trading\t\t\t<\/a>\n\t\t<\/span>\n\t\t\t\t<div class=\"elementor-post__excerpt\">\n\t\t\t<p>The energy transition doesn't just need steel, concrete and silicon - it needs intelligence on the market. With the founding of Faber Energy Trading (FET)\t\t<\/div>\n\t\t\t\t<\/div>\n\t\t\t\t<\/article>\n\t\t\t\t<\/div>\n\t\t\n\t\t\t\t\t\t<\/div>\n\t\t\t\t<\/div>\n\t\t\t\t<\/div>\n\t\t\t\t\t<\/div>\n\t\t\t\t<\/div>\n\t\t<div class=\"elementor-element elementor-element-0aafe88 e-flex e-con-boxed e-con e-parent\" data-id=\"0aafe88\" data-element_type=\"container\" data-e-type=\"container\">\n\t\t\t\t\t<div class=\"e-con-inner\">\n\t\t<div class=\"elementor-element elementor-element-b7f5aab e-con-full e-flex e-con e-child\" data-id=\"b7f5aab\" data-element_type=\"container\" data-e-type=\"container\">\n\t\t\t\t<div class=\"elementor-element elementor-element-953730f elementor-widget elementor-widget-heading\" data-id=\"953730f\" data-element_type=\"widget\" data-e-type=\"widget\" data-widget_type=\"heading.default\">\n\t\t\t\t\t<h2 class=\"elementor-heading-title elementor-size-default\">Projects &amp; References: Energy infrastructure in practice<\/h2>\t\t\t\t<\/div>\n\t\t\t\t<div class=\"elementor-element elementor-element-a7de262 elementor-widget elementor-widget-text-editor\" data-id=\"a7de262\" data-element_type=\"widget\" data-e-type=\"widget\" data-widget_type=\"text-editor.default\">\n\t\t\t\t\t\t\t\t\t<p>In the Projects category, we present the heart of our work: successfully realised and pioneering solutions from the Faber Energy Group. Here we show how we combine the expertise of Faber E-Tec, Faber Solartechnik and Faber Energy Trading to implement customised systems for substations, transformer stations and intelligent storage solutions.<\/p><p>Thanks to our in-house production in copper, steel and concrete, we achieve grid connection times that are 50-75 % below the market average. From the initial enquiry to the grid connection, these best practices serve as proof of quality for your project.<\/p>\t\t\t\t\t\t\t\t<\/div>\n\t\t\t\t<\/div>\n\t\t<div class=\"elementor-element elementor-element-041c728 e-con-full e-flex e-con e-child\" data-id=\"041c728\" data-element_type=\"container\" data-e-type=\"container\" data-settings=\"{&quot;background_background&quot;:&quot;classic&quot;}\">\n\t\t\t\t<div class=\"elementor-element elementor-element-ca49bee elementor-widget elementor-widget-text-editor\" data-id=\"ca49bee\" data-element_type=\"widget\" data-e-type=\"widget\" data-widget_type=\"text-editor.default\">\n\t\t\t\t\t\t\t\t\t<h3>Your partner for energy projects<\/h3><p>The Faber Energy Group stands for engineering expertise and speed. Whether you want to build a substation, order a transformer station or enquire about complex storage marketing via F-TRADE - our realised projects prove that we put the theory of the energy transition into practice.<\/p>\t\t\t\t\t\t\t\t<\/div>\n\t\t\t\t<\/div>\n\t\t\t\t\t<\/div>\n\t\t\t\t<\/div>\n\t\t<div class=\"elementor-element elementor-element-39cb40e e-grid e-con-boxed e-con e-parent\" data-id=\"39cb40e\" data-element_type=\"container\" data-e-type=\"container\">\n\t\t\t\t\t<div class=\"e-con-inner\">\n\t\t<div class=\"elementor-element elementor-element-8b49ac9 e-con-full e-flex e-con e-child\" data-id=\"8b49ac9\" data-element_type=\"container\" data-e-type=\"container\" data-settings=\"{&quot;background_background&quot;:&quot;classic&quot;}\">\n\t\t\t\t<div class=\"elementor-element elementor-element-4fd0d01 elementor-widget elementor-widget-text-editor\" data-id=\"4fd0d01\" data-element_type=\"widget\" data-e-type=\"widget\" data-widget_type=\"text-editor.default\">\n\t\t\t\t\t\t\t\t\t<h3>Renewable energies: solar parks in a class of their own<\/h3><p>The energy transition is a key focus of our work. We realise large-scale ground-mounted photovoltaic projects in which our solar park stations form the key interface to the public grid.<\/p><ul><li>Synergy advantage: Thanks to the close integration of project development and infrastructure construction, the solar power flows efficiently and with low losses into the grid.<\/li><li>Compact stations: If you would like to enquire about a standard-compliant compact station for a solar park, you can find an insight into our turnkey realisation in accordance with VDE-AR-N 4110 here.<\/li><\/ul>\t\t\t\t\t\t\t\t<\/div>\n\t\t\t\t<\/div>\n\t\t<div class=\"elementor-element elementor-element-007de00 e-con-full e-flex e-con e-child\" data-id=\"007de00\" data-element_type=\"container\" data-e-type=\"container\" data-settings=\"{&quot;background_background&quot;:&quot;classic&quot;}\">\n\t\t\t\t<div class=\"elementor-element elementor-element-2bbf8c1 elementor-widget elementor-widget-text-editor\" data-id=\"2bbf8c1\" data-element_type=\"widget\" data-e-type=\"widget\" data-widget_type=\"text-editor.default\">\n\t\t\t\t\t\t\t\t\t<h3>Urban and industrial infrastructure<\/h3><p>In addition to open spaces, we modernise city grids and industrial sites. Our transformer stations and transfer stations form the backbone of the energy supply under demanding conditions.<\/p><ul><li>References: We supply well-known partners such as Tesla, Allego and Milence with infrastructure for state-of-the-art fast-charging parks.<\/li><li>Industrial solutions: For large industrial consumers and data centres, we plan individual stations that meet the highest technical standards even where space is limited.<\/li><\/ul>\t\t\t\t\t\t\t\t<\/div>\n\t\t\t\t<\/div>\n\t\t<div class=\"elementor-element elementor-element-e43f7c1 e-con-full e-flex e-con e-child\" data-id=\"e43f7c1\" data-element_type=\"container\" data-e-type=\"container\" data-settings=\"{&quot;background_background&quot;:&quot;classic&quot;}\">\n\t\t\t\t<div class=\"elementor-element elementor-element-2b145aa elementor-widget elementor-widget-text-editor\" data-id=\"2b145aa\" data-element_type=\"widget\" data-e-type=\"widget\" data-widget_type=\"text-editor.default\">\n\t\t\t\t\t\t\t\t\t<h3>Substations: High-voltage solutions from a single source<\/h3><p>We realise turnkey 110kV\/MS substations for large solar and wind parks as well as large industrial consumers.<\/p><ul><li>Everything from a single source: From the technical system design by our 25+ engineers to the final commissioning, we take care of the entire process.<\/li><li>No waiting times: As we manufacture steel structures and electrical components ourselves, we eliminate supply chain risks and massively accelerate project realisation.<\/li><\/ul>\t\t\t\t\t\t\t\t<\/div>\n\t\t\t\t<\/div>\n\t\t<div class=\"elementor-element elementor-element-07dbc79 e-con-full e-flex e-con e-child\" data-id=\"07dbc79\" data-element_type=\"container\" data-e-type=\"container\" data-settings=\"{&quot;background_background&quot;:&quot;classic&quot;}\">\n\t\t\t\t<div class=\"elementor-element elementor-element-e02ae01 elementor-widget elementor-widget-text-editor\" data-id=\"e02ae01\" data-element_type=\"widget\" data-e-type=\"widget\" data-widget_type=\"text-editor.default\">\n\t\t\t\t\t\t\t\t\t<h3>Pioneering storage projects: Green and grey electricity<\/h3><p>The Faber Energy Group implements both green energy storage systems for co-location projects and grey energy storage systems for economic optimisation.<\/p><ul><li>Green electricity: We show how battery storage systems can be coupled directly with renewable energy systems in order to maintain eligibility for EEG subsidies and secure revenues in the event of negative prices.<\/li><li>Grey electricity &amp; arbitrage: Our references in the stand-alone storage sector illustrate the advantages of grid-independent management for the balancing energy market and arbitrage trading.<\/li><\/ul>\t\t\t\t\t\t\t\t<\/div>\n\t\t\t\t<\/div>\n\t\t\t\t\t<\/div>\n\t\t\t\t<\/div>\n\t\t\t\t<\/div>","protected":false},"excerpt":{"rendered":"<p>Referenzen, News und Projekte Energieinfrastruktur in der Praxis: Wegweisende L\u00f6sungen f\u00fcr Solarparks, Industrie &amp; Netze. Projekte &amp; Referenzen: Energieinfrastruktur in der Praxis In der Kategorie Projekte pr\u00e4sentieren wir Ihnen das Herzst\u00fcck unserer Arbeit: erfolgreich realisierte und wegweisende L\u00f6sungen der Faber Energy Group. Hier zeigen wir, wie wir die Expertise von Faber E-Tec, Faber Solartechnik und [&hellip;]<\/p>\n","protected":false},"author":2,"featured_media":0,"parent":0,"menu_order":0,"comment_status":"closed","ping_status":"closed","template":"","meta":{"_acf_changed":false,"footnotes":""},"class_list":["post-7886","page","type-page","status-publish","hentry"],"acf":[],"_links":{"self":[{"href":"https:\/\/faber-energy-group.de\/en\/wp-json\/wp\/v2\/pages\/7886","targetHints":{"allow":["GET"]}}],"collection":[{"href":"https:\/\/faber-energy-group.de\/en\/wp-json\/wp\/v2\/pages"}],"about":[{"href":"https:\/\/faber-energy-group.de\/en\/wp-json\/wp\/v2\/types\/page"}],"author":[{"embeddable":true,"href":"https:\/\/faber-energy-group.de\/en\/wp-json\/wp\/v2\/users\/2"}],"replies":[{"embeddable":true,"href":"https:\/\/faber-energy-group.de\/en\/wp-json\/wp\/v2\/comments?post=7886"}],"version-history":[{"count":0,"href":"https:\/\/faber-energy-group.de\/en\/wp-json\/wp\/v2\/pages\/7886\/revisions"}],"wp:attachment":[{"href":"https:\/\/faber-energy-group.de\/en\/wp-json\/wp\/v2\/media?parent=7886"}],"curies":[{"name":"wp","href":"https:\/\/api.w.org\/{rel}","templated":true}]}}